{"id":8,"date":"2020-09-01T11:14:34","date_gmt":"2020-09-01T11:14:34","guid":{"rendered":"https:\/\/impossible-radio.es\/?page_id=8"},"modified":"2021-01-23T00:14:45","modified_gmt":"2021-01-22T22:14:45","slug":"about","status":"publish","type":"page","link":"https:\/\/impossible-radio.es\/?page_id=8","title":{"rendered":"About"},"content":{"rendered":"\n<p>Esta emisora de radio naci\u00f3 en una clase de Filosof\u00eda en el a\u00f1o 1992. Luego de mucho esfuerzo y conseguir la tecnolog\u00eda para llevarla a cabo, vio la luz el 11 de octubre de 2011.<\/p>\n\n\n\n<p>Mucho tiempo ha pasado, muchas horas detr\u00e1s del micr\u00f3fono y muchos temas han ido pasando por la emisora. Tengo pendiente hacer un programa de opini\u00f3n todos los d\u00edas, no lo descarto, s\u00f3lo necesito tiempo.<\/p>\n\n\n\n<p>Un tiempo estuvo en el dial comercial de FM, en los 101,4MHz, s\u00f3lo por unos meses, hasta que un rayo quem\u00f3 el transmisor, luego sigui\u00f3 en internet 24 horas al d\u00eda, ininterrumpidamente.<\/p>\n\n\n\n<p>Ahora que el mundo ha cambiado, la econom\u00eda ha cambiado, me veo obligado a pedir ayuda de Sponsors.<\/p>\n\n\n\n<p>Gracias por interesarte en esta radio.<\/p>\n\n\n\n<hr class=\"wp-block-separator\"\/>\n\n\n\n<p>This radio station was born in a Philosophy class in 1992. After a lot of effort and getting the technology to carry it out, it was launched on October 11, 2011.<\/p>\n\n\n\n<p>A lot of time has passed, many hours behind the microphone and many issues have passed through the station. I have to do an opinion program every day, I don&#8217;t rule it out, I just need time.<\/p>\n\n\n\n<p>For a while it was on the commercial FM dial, on 101.4MHz, only for a few months, until lightning burned the transmitter, then it remained on the internet 24 hours a day, uninterrupted.<\/p>\n\n\n\n<p>Now that the world has changed, the economy has changed, I am forced to ask for help from Sponsors.<\/p>\n\n\n\n<p>Thank you for your interest in this radio.<\/p>\n","protected":false},"excerpt":{"rendered":"<p>Esta emisora de radio naci\u00f3 en una clase de Filosof\u00eda en el a\u00f1o 1992. Luego de mucho esfuerzo y conseguir la tecnolog\u00eda para llevarla a cabo, vio la luz el 11 de octubre de 2011.&hellip; <\/p>\n<p><a class=\"more-link\" href=\"https:\/\/impossible-radio.es\/?page_id=8\">Continue Reading About<\/a><\/p>\n","protected":false},"author":2,"featured_media":0,"parent":0,"menu_order":0,"comment_status":"closed","ping_status":"closed","template":"","meta":{"footnotes":""},"class_list":["post-8","page","type-page","status-publish","hentry"],"_links":{"self":[{"href":"https:\/\/impossible-radio.es\/index.php?rest_route=\/wp\/v2\/pages\/8","targetHints":{"allow":["GET"]}}],"collection":[{"href":"https:\/\/impossible-radio.es\/index.php?rest_route=\/wp\/v2\/pages"}],"about":[{"href":"https:\/\/impossible-radio.es\/index.php?rest_route=\/wp\/v2\/types\/page"}],"author":[{"embeddable":true,"href":"https:\/\/impossible-radio.es\/index.php?rest_route=\/wp\/v2\/users\/2"}],"replies":[{"embeddable":true,"href":"https:\/\/impossible-radio.es\/index.php?rest_route=%2Fwp%2Fv2%2Fcomments&post=8"}],"version-history":[{"count":3,"href":"https:\/\/impossible-radio.es\/index.php?rest_route=\/wp\/v2\/pages\/8\/revisions"}],"predecessor-version":[{"id":115,"href":"https:\/\/impossible-radio.es\/index.php?rest_route=\/wp\/v2\/pages\/8\/revisions\/115"}],"wp:attachment":[{"href":"https:\/\/impossible-radio.es\/index.php?rest_route=%2Fwp%2Fv2%2Fmedia&parent=8"}],"curies":[{"name":"wp","href":"https:\/\/api.w.org\/{rel}","templated":true}]}}