{"id":2,"date":"2020-09-01T10:02:42","date_gmt":"2020-09-01T10:02:42","guid":{"rendered":"https:\/\/impossible-radio.es\/?page_id=2"},"modified":"2021-01-22T23:42:48","modified_gmt":"2021-01-22T21:42:48","slug":"sample-page","status":"publish","type":"page","link":"https:\/\/impossible-radio.es\/?page_id=2","title":{"rendered":"Sponsors"},"content":{"rendered":"\n<p>Buscando Anunciantes:<\/p>\n\n\n\n<blockquote class=\"wp-block-quote is-layout-flow wp-block-quote-is-layout-flow\"><p>Estamos en una \u00e9poca, donde la econom\u00eda est\u00e1 resentida, es imposible mantener la radio sin anunciantes en este tiempo. Se buscan anunciantes que ayuden a mantener la radio viva y abierta al mundo. Que los anuncios sean para todo el mundo, en todos los idiomas y que puedan ayudar a vuestros negocios a alcanzar otras zonas del planeta. Es una radio en internet, 24 horas. Aprovechad esta oportunidad.<br>Si quieres participar escr\u00edbe a &#8220;<strong><span class=\"has-inline-color has-deejay-purple-color\"><a href=\"mailto:sponsor@impossible-radio.es\" target=\"_blank\" rel=\"noreferrer noopener\">sponsor@impossible-radio.es<\/a><\/span><\/strong>&#8221; y resolver\u00e9 las dudas que pod\u00e1is tener.<br><br>Muchas gracias.<\/p><\/blockquote>\n\n\n\n<hr class=\"wp-block-separator\"\/>\n\n\n\n<p>Looking for Sponsors:<\/p>\n\n\n\n<blockquote class=\"wp-block-quote is-layout-flow wp-block-quote-is-layout-flow\"><p>We are in a time, where the economy is suffering, it is impossible to maintain radio without advertisers at this time. Advertisers are wanted to help keep radio alive and open to the world. That the ads are for everyone, in all languages and that they can help your business to reach other areas of the planet. It&#8217;s an internet radio, 24 hours. Take advantage of this opportunity.<br>If you want to participate, write to &#8220;<strong><span class=\"has-inline-color has-deejay-purple-color\"><a href=\"mailto:sponsor@impossible-radio.es\" target=\"_blank\" rel=\"noreferrer noopener\">sponsor@impossible-radio.es<\/a><\/span><\/strong>&#8221; and I will answer any questions you may have. <br><br>Thanks a lot<\/p><\/blockquote>\n","protected":false},"excerpt":{"rendered":"<p>Buscando Anunciantes: Estamos en una \u00e9poca, donde la econom\u00eda est\u00e1 resentida, es imposible mantener la radio sin anunciantes en este tiempo. Se buscan anunciantes que ayuden a mantener la radio viva y abierta al mundo.&hellip; <\/p>\n<p><a class=\"more-link\" href=\"https:\/\/impossible-radio.es\/?page_id=2\">Continue Reading Sponsors<\/a><\/p>\n","protected":false},"author":1,"featured_media":0,"parent":0,"menu_order":0,"comment_status":"closed","ping_status":"open","template":"","meta":{"footnotes":""},"class_list":["post-2","page","type-page","status-publish","hentry"],"_links":{"self":[{"href":"https:\/\/impossible-radio.es\/index.php?rest_route=\/wp\/v2\/pages\/2","targetHints":{"allow":["GET"]}}],"collection":[{"href":"https:\/\/impossible-radio.es\/index.php?rest_route=\/wp\/v2\/pages"}],"about":[{"href":"https:\/\/impossible-radio.es\/index.php?rest_route=\/wp\/v2\/types\/page"}],"author":[{"embeddable":true,"href":"https:\/\/impossible-radio.es\/index.php?rest_route=\/wp\/v2\/users\/1"}],"replies":[{"embeddable":true,"href":"https:\/\/impossible-radio.es\/index.php?rest_route=%2Fwp%2Fv2%2Fcomments&post=2"}],"version-history":[{"count":4,"href":"https:\/\/impossible-radio.es\/index.php?rest_route=\/wp\/v2\/pages\/2\/revisions"}],"predecessor-version":[{"id":108,"href":"https:\/\/impossible-radio.es\/index.php?rest_route=\/wp\/v2\/pages\/2\/revisions\/108"}],"wp:attachment":[{"href":"https:\/\/impossible-radio.es\/index.php?rest_route=%2Fwp%2Fv2%2Fmedia&parent=2"}],"curies":[{"name":"wp","href":"https:\/\/api.w.org\/{rel}","templated":true}]}}