{"id":195,"date":"2021-03-31T23:42:18","date_gmt":"2021-03-31T21:42:18","guid":{"rendered":"https:\/\/impossible-radio.es\/?page_id=195"},"modified":"2021-06-25T01:26:17","modified_gmt":"2021-06-24T23:26:17","slug":"descargas-download","status":"publish","type":"page","link":"https:\/\/impossible-radio.es\/?page_id=195","title":{"rendered":"Descargas \/ Download"},"content":{"rendered":"\n<div class=\"wp-block-columns is-layout-flex wp-container-core-columns-is-layout-9d6595d7 wp-block-columns-is-layout-flex\">\n<div class=\"wp-block-column is-vertically-aligned-center is-layout-flow wp-block-column-is-layout-flow\" style=\"flex-basis:100%\">\n<div class=\"wp-block-columns is-layout-flex wp-container-core-columns-is-layout-9d6595d7 wp-block-columns-is-layout-flex\">\n<div class=\"wp-block-column is-layout-flow wp-block-column-is-layout-flow\" style=\"flex-basis:100%\">\n<div class=\"wp-block-columns is-layout-flex wp-container-core-columns-is-layout-9d6595d7 wp-block-columns-is-layout-flex\">\n<div class=\"wp-block-column is-vertically-aligned-center is-layout-flow wp-block-column-is-layout-flow\" style=\"flex-basis:100%\">\n<div class=\"wp-block-columns is-layout-flex wp-container-core-columns-is-layout-9d6595d7 wp-block-columns-is-layout-flex\">\n<div class=\"wp-block-column is-layout-flow wp-block-column-is-layout-flow\">\n<p>Aqu\u00ed encontrar\u00e9is enlaces de sesiones para descargar. Pod\u00e9is encontrara sesiones de juego, pruebas para clubes, videos que hice para divertirme y lo que me m\u00e1s me enorgullece, un v\u00eddeo con los fragmentos m\u00e1s importantes que vivimos en esta pandemia de la COVID-19 alegrando a los vecinos desde mi ventana.<br>\u00a1Disfrutaldlo! Y si os gustan las sesiones, por lo menos, p\u00e1game un caf\u00e9 en la p\u00e1gina principal de donaciones. \u00a1Gracias!<\/p>\n<\/div>\n\n\n\n<div class=\"wp-block-column is-layout-flow wp-block-column-is-layout-flow\">\n<p>Here you will find session links to download. You can find game sessions, tests for clubs, videos that I made for fun and what makes me most proud, a video with the most important fragments that we lived in this COVID-19 pandemic cheering the neighbors from my window.<br>Enjoy it! And if you like the sessions, at least buy me a coffee on the main donations page. Thanks!<\/p>\n<\/div>\n<\/div>\n\n\n\n<div class=\"wp-block-columns is-layout-flex wp-container-core-columns-is-layout-9d6595d7 wp-block-columns-is-layout-flex\">\n<div class=\"wp-block-column is-layout-flow wp-block-column-is-layout-flow\">\n<p><a href=\"https:\/\/www.mediafire.com\/file\/y26qzuk6ctygm8u\/Mix_14-10-2012.mp3\/file\">Mix_14-10-2012<\/a><\/p>\n\n\n\n<p><a href=\"https:\/\/www.mediafire.com\/file\/uu18c28wkq9n7cq\/Paty_150_BPM_54_minutos.mp3\/file\">150_BPM_Running for 54_min<\/a><\/p>\n\n\n\n<p><a href=\"https:\/\/www.mediafire.com\/file\/psdvhw5c05a35f6\/February_Session_Vol_1.mp3\/file\">February_Session<\/a><\/p>\n\n\n\n<p><a href=\"https:\/\/www.mediafire.com\/file\/mni9xvxdvq6wh9b\/Purchase_of_Valentines_Day.mp3\/file\">Purchase_of_Valentines_Day 2014<\/a><\/p>\n\n\n\n<p><a href=\"https:\/\/www.mediafire.com\/file\/7aejnrg7lp1nldo\/Purchase_Mix_29-11-2014.mp3\/file\">Purchase_Mix_29-11-2014<\/a><\/p>\n\n\n\n<p><a href=\"https:\/\/www.mediafire.com\/file\/38ydtlln925i2cw\/Purchase_Mix_12-01-2015_Pt-1.mp3\/file\">Purchase_Mix_12-01-2015_Pt-1<\/a><\/p>\n\n\n\n<p><a href=\"https:\/\/www.mediafire.com\/file\/7e39b2a32anpfdr\/Purchase_Mix_12-01-2015_Pt-3.mp3\/file\">Purchase_Mix_12-01-2015_Pt-3<\/a><\/p>\n\n\n\n<p><a href=\"https:\/\/www.mediafire.com\/file\/iheqd7m9c790vs1\/Purchase_Mix_20-09-2015_Pt-2.mp3\/file\">Purchase_Mix_20-09-2015_Pt-2<\/a><\/p>\n\n\n\n<p><a href=\"https:\/\/www.mediafire.com\/file\/y9srx84ebha376f\/Purchase_Mix_20-09-2015_Pt-4.mp3\/file\">Purchase_Mix_20-09-2015_Pt-4<\/a><\/p>\n\n\n\n<p><a href=\"https:\/\/www.mediafire.com\/file\/310deu6f19c1vc5\/Sexy_Brit_Back_to_the_80%2527s_stream_2016-08-14.mp3\/file\">Sexy_Brit_Back_to_the_80&#8217;s_2016-08-14<\/a><\/p>\n\n\n\n<p><a href=\"https:\/\/www.mediafire.com\/file\/x4umbe8jixfjvju\/Demo_Session_July_Releases_DJ._Banderas.mp3\/file\">Demo_Session_July_Releases_DJ._Banderas<\/a><\/p>\n\n\n\n<p><a href=\"https:\/\/www.mediafire.com\/file\/hik4pib49n0se4l\/M%25C3%25BAsica_desde_el_Confinamiento.mov\/file\">M\u00fasica_desde_el_Confinamiento (MOV)<\/a><\/p>\n\n\n\n<p><a rel=\"noreferrer noopener\" href=\"https:\/\/www.mediafire.com\/file\/ztf963v7e3rn00o\/Sesi\u00f3n+Exhale+24-06-21.mp3\/file\" data-type=\"URL\" data-id=\"https:\/\/www.mediafire.com\/file\/ztf963v7e3rn00o\/Sesi\u00f3n+Exhale+24-06-21.mp3\/file\" target=\"_blank\">Session at Exhale 06-24-2021<\/a><\/p>\n\n\n\n<p><\/p>\n\n\n\n<p><\/p>\n<\/div>\n\n\n\n<div class=\"wp-block-column is-layout-flow wp-block-column-is-layout-flow\">\n<p><a href=\"https:\/\/www.mediafire.com\/file\/0y3f7nmfuok4pps\/Mix_27-10-2012.mp3\/file\">Mix_27-10-2012<\/a><\/p>\n\n\n\n<p><a href=\"https:\/\/www.mediafire.com\/file\/u9cbe8335b5tz1b\/Sesi%25C3%25B3n_6-8-2013_pt1.mp3\/file\">Session_6-8-2013<\/a><\/p>\n\n\n\n<p><a href=\"https:\/\/www.mediafire.com\/file\/12zksbm7yys0871\/Lahro%2527s_Trance_DemoMix.mp3\/file\">Lahro&#8217;s_Trance_DemoMix<\/a><\/p>\n\n\n\n<p><a href=\"https:\/\/www.mediafire.com\/file\/f6nx5kf2plntbqq\/Purchase_Mix_05-11-2014.mp3\/file\">Purchase_Mix_05-11-2014<\/a><\/p>\n\n\n\n<p><a href=\"https:\/\/www.mediafire.com\/file\/a4gawc5a886eepc\/Purchase_Mix_19-12-2014.mp3\/file\">Purchase_Mix_19-12-2014<\/a><\/p>\n\n\n\n<p><a href=\"https:\/\/www.mediafire.com\/file\/0h7yr94mb81jdc7\/Purchase_Mix_12-01-2015_Pt-2.mp3\/file\">Purchase_Mix_12-01-2015_Pt-2<\/a><\/p>\n\n\n\n<p><a href=\"https:\/\/www.mediafire.com\/file\/fu6tpmxqm6qcsaw\/Purchase_Mix_20-09-2015_Pt-1.mp3\/file\">Purchase_Mix_20-09-2015_Pt-1<\/a><\/p>\n\n\n\n<p><a href=\"https:\/\/www.mediafire.com\/file\/6m5qqe5asy7yzoy\/Purchase_Mix_20-09-2015_Pt-3.mp3\/file\">Purchase_Mix_20-09-2015_Pt-3<\/a><\/p>\n\n\n\n<p><a href=\"https:\/\/www.mediafire.com\/file\/2k35uu2ue4m73dz\/Purchase_Mix_20-09-2015_Pt-5.mp3\/file\">Purchase_Mix_20-09-2015_Pt-5<\/a><\/p>\n\n\n\n<p><a href=\"https:\/\/www.mediafire.com\/file\/57rv3371nd8flpl\/Sexy_Brit_July_New_Releases_stream_2016-08-07.mp3\/file\">Sexy_Brit_July_New_Releases_2016-08-07<\/a><\/p>\n\n\n\n<p><a href=\"https:\/\/www.mediafire.com\/file\/k9r86fbid9f5k1v\/Uplifting_Trance_Vocal_November_Session_2016.mp3\/file\">Uplifting_Trance_Vocal_Nov_Session_2016<\/a><\/p>\n\n\n\n<p><a href=\"https:\/\/www.mediafire.com\/file\/sd68ytxd31s12e7\/Sesi\u00f3n+Project+K+24-06-21.mp3\/file\" data-type=\"URL\" data-id=\"https:\/\/www.mediafire.com\/file\/sd68ytxd31s12e7\/Sesi\u00f3n+Project+K+24-06-21.mp3\/file\" target=\"_blank\" rel=\"noreferrer noopener\">Session at Proyect K 06-24-2021<\/a><\/p>\n<\/div>\n<\/div>\n<\/div>\n<\/div>\n<\/div>\n<\/div>\n<\/div>\n<\/div>\n\n\n\n<p><\/p>\n","protected":false},"excerpt":{"rendered":"<p>Aqu\u00ed encontrar\u00e9is enlaces de sesiones para descargar. Pod\u00e9is encontrara sesiones de juego, pruebas para clubes, videos que hice para divertirme y lo que me m\u00e1s me enorgullece, un v\u00eddeo con los fragmentos m\u00e1s importantes que&hellip; <\/p>\n<p><a class=\"more-link\" href=\"https:\/\/impossible-radio.es\/?page_id=195\">Continue Reading Descargas \/ Download<\/a><\/p>\n","protected":false},"author":2,"featured_media":0,"parent":0,"menu_order":0,"comment_status":"closed","ping_status":"closed","template":"","meta":{"footnotes":""},"class_list":["post-195","page","type-page","status-publish","hentry"],"_links":{"self":[{"href":"https:\/\/impossible-radio.es\/index.php?rest_route=\/wp\/v2\/pages\/195","targetHints":{"allow":["GET"]}}],"collection":[{"href":"https:\/\/impossible-radio.es\/index.php?rest_route=\/wp\/v2\/pages"}],"about":[{"href":"https:\/\/impossible-radio.es\/index.php?rest_route=\/wp\/v2\/types\/page"}],"author":[{"embeddable":true,"href":"https:\/\/impossible-radio.es\/index.php?rest_route=\/wp\/v2\/users\/2"}],"replies":[{"embeddable":true,"href":"https:\/\/impossible-radio.es\/index.php?rest_route=%2Fwp%2Fv2%2Fcomments&post=195"}],"version-history":[{"count":6,"href":"https:\/\/impossible-radio.es\/index.php?rest_route=\/wp\/v2\/pages\/195\/revisions"}],"predecessor-version":[{"id":212,"href":"https:\/\/impossible-radio.es\/index.php?rest_route=\/wp\/v2\/pages\/195\/revisions\/212"}],"wp:attachment":[{"href":"https:\/\/impossible-radio.es\/index.php?rest_route=%2Fwp%2Fv2%2Fmedia&parent=195"}],"curies":[{"name":"wp","href":"https:\/\/api.w.org\/{rel}","templated":true}]}}